{"id":1400,"date":"2022-07-18T04:17:20","date_gmt":"2022-07-18T04:17:20","guid":{"rendered":"https:\/\/patagoniamedia.ar\/?page_id=1400"},"modified":"2024-04-22T15:43:55","modified_gmt":"2024-04-22T15:43:55","slug":"gestionredes","status":"publish","type":"page","link":"https:\/\/patagoniamedia.ar\/index.php\/gestionredes\/","title":{"rendered":"Gestion de Redes"},"content":{"rendered":"\t\t<div data-elementor-type=\"wp-page\" data-elementor-id=\"1400\" class=\"elementor elementor-1400\">\n\t\t\t\t\t\t<section class=\"elementor-section elementor-top-section elementor-element elementor-element-e347265 elementor-section-height-min-height elementor-section-boxed elementor-section-height-default elementor-section-items-middle\" data-id=\"e347265\" data-element_type=\"section\" data-e-type=\"section\" data-settings=\"{&quot;background_background&quot;:&quot;classic&quot;}\">\n\t\t\t\t\t\t\t<div class=\"elementor-background-overlay\"><\/div>\n\t\t\t\t\t\t\t<div class=\"elementor-container elementor-column-gap-no\">\n\t\t\t\t\t<div class=\"elementor-column elementor-col-100 elementor-top-column elementor-element elementor-element-f6ba31d\" data-id=\"f6ba31d\" data-element_type=\"column\" data-e-type=\"column\">\n\t\t\t<div class=\"elementor-widget-wrap elementor-element-populated\">\n\t\t\t\t\t\t<section class=\"elementor-section elementor-inner-section elementor-element elementor-element-155cbfc elementor-section-boxed elementor-section-height-default elementor-section-height-default\" data-id=\"155cbfc\" data-element_type=\"section\" data-e-type=\"section\">\n\t\t\t\t\t\t<div class=\"elementor-container elementor-column-gap-default\">\n\t\t\t\t\t<div class=\"elementor-column elementor-col-100 elementor-inner-column elementor-element elementor-element-3f0efc3\" data-id=\"3f0efc3\" data-element_type=\"column\" data-e-type=\"column\">\n\t\t\t<div class=\"elementor-widget-wrap elementor-element-populated\">\n\t\t\t\t\t\t<div class=\"elementor-element elementor-element-11301e6 animated-slow elementor-invisible elementor-widget elementor-widget-cimol-title\" data-id=\"11301e6\" data-element_type=\"widget\" data-e-type=\"widget\" data-settings=\"{&quot;_animation&quot;:&quot;zoomIn&quot;,&quot;_animation_delay&quot;:200}\" data-widget_type=\"cimol-title.default\">\n\t\t\t\t<div class=\"elementor-widget-container\">\n\t\t\t\t\t<h2 class=\"content-title\">GESTION De REDES SOCIALES<\/h2>\t\t\t\t<\/div>\n\t\t\t\t<\/div>\n\t\t\t\t\t<\/div>\n\t\t<\/div>\n\t\t\t\t\t<\/div>\n\t\t<\/section>\n\t\t\t\t\t<\/div>\n\t\t<\/div>\n\t\t\t\t\t<\/div>\n\t\t<\/section>\n\t\t\t\t<section class=\"elementor-section elementor-top-section elementor-element elementor-element-6e7bec1 elementor-section-boxed elementor-section-height-default elementor-section-height-default\" data-id=\"6e7bec1\" data-element_type=\"section\" data-e-type=\"section\">\n\t\t\t\t\t\t<div class=\"elementor-container elementor-column-gap-default\">\n\t\t\t\t\t<div class=\"elementor-column elementor-col-50 elementor-top-column elementor-element elementor-element-c212c9a\" data-id=\"c212c9a\" data-element_type=\"column\" data-e-type=\"column\">\n\t\t\t<div class=\"elementor-widget-wrap elementor-element-populated\">\n\t\t\t\t\t\t<div class=\"elementor-element elementor-element-1edfa3b elementor-invisible elementor-widget elementor-widget-image\" data-id=\"1edfa3b\" data-element_type=\"widget\" data-e-type=\"widget\" data-settings=\"{&quot;_animation&quot;:&quot;bounceIn&quot;}\" data-widget_type=\"image.default\">\n\t\t\t\t<div class=\"elementor-widget-container\">\n\t\t\t\t\t\t\t\t\t\t\t\t\t\t\t<img fetchpriority=\"high\" decoding=\"async\" width=\"900\" height=\"491\" src=\"https:\/\/patagoniamedia.ar\/wp-content\/uploads\/2022\/08\/Comunity-manager.png\" class=\"attachment-large size-large wp-image-1545\" alt=\"\" srcset=\"https:\/\/patagoniamedia.ar\/wp-content\/uploads\/2022\/08\/Comunity-manager.png 900w, https:\/\/patagoniamedia.ar\/wp-content\/uploads\/2022\/08\/Comunity-manager-300x164.png 300w, https:\/\/patagoniamedia.ar\/wp-content\/uploads\/2022\/08\/Comunity-manager-768x419.png 768w\" sizes=\"(max-width: 900px) 100vw, 900px\" \/>\t\t\t\t\t\t\t\t\t\t\t\t\t\t\t<\/div>\n\t\t\t\t<\/div>\n\t\t\t\t\t<\/div>\n\t\t<\/div>\n\t\t\t\t<div class=\"elementor-column elementor-col-50 elementor-top-column elementor-element elementor-element-5e57e27\" data-id=\"5e57e27\" data-element_type=\"column\" data-e-type=\"column\">\n\t\t\t<div class=\"elementor-widget-wrap elementor-element-populated\">\n\t\t\t\t\t\t<div class=\"elementor-element elementor-element-3abe3d6 elementor-widget elementor-widget-text-editor\" data-id=\"3abe3d6\" data-element_type=\"widget\" data-e-type=\"widget\" data-widget_type=\"text-editor.default\">\n\t\t\t\t<div class=\"elementor-widget-container\">\n\t\t\t\t\t\t\t\t\t<div><b>Nos ocupamos de tu estrategia de social media. Haremos brillar a tu empresa en estas plataformas, invirtiendo nuestro tiempo y experiencia.<br \/>Nos encargaremos de manejar el perfil corporativo de tu proyecto a trav\u00e9s de la generaci\u00f3n de contenidos (textos, gr\u00e1ficos y v\u00eddeos), para que mediante tu presencia social alcances tus metas y objetivos.<\/b><\/div><div>\u00a0<\/div><div>Las redes sociales dominan el mundo. Tanto es as\u00ed que en la actualidad hay\u00a0 adultos, mayores, hombres, mujeres, ni\u00f1os \u00a1y hasta mascotas! con perfiles en las plataformas m\u00e1s populares. Todo el que tiene un tel\u00e9fono inteligente o un ordenador a su alcance, est\u00e1 inmiscuido en las redes sociales.<\/div>\t\t\t\t\t\t\t\t<\/div>\n\t\t\t\t<\/div>\n\t\t\t\t\t<\/div>\n\t\t<\/div>\n\t\t\t\t\t<\/div>\n\t\t<\/section>\n\t\t\t\t<section class=\"elementor-section elementor-top-section elementor-element elementor-element-aea2bc5 elementor-section-boxed elementor-section-height-default elementor-section-height-default\" data-id=\"aea2bc5\" data-element_type=\"section\" data-e-type=\"section\" data-settings=\"{&quot;background_background&quot;:&quot;classic&quot;}\">\n\t\t\t\t\t\t<div class=\"elementor-container elementor-column-gap-default\">\n\t\t\t\t\t<div class=\"elementor-column elementor-col-33 elementor-top-column elementor-element elementor-element-7f547fe elementor-invisible\" data-id=\"7f547fe\" data-element_type=\"column\" data-e-type=\"column\" data-settings=\"{&quot;background_background&quot;:&quot;classic&quot;,&quot;animation&quot;:&quot;fadeInUp&quot;}\">\n\t\t\t<div class=\"elementor-widget-wrap elementor-element-populated\">\n\t\t\t\t\t\t<div class=\"elementor-element elementor-element-a8b7bce elementor-widget elementor-widget-heading\" data-id=\"a8b7bce\" data-element_type=\"widget\" data-e-type=\"widget\" data-widget_type=\"heading.default\">\n\t\t\t\t<div class=\"elementor-widget-container\">\n\t\t\t\t\t<h2 class=\"elementor-heading-title elementor-size-default\">PLAN BRONCE<\/h2>\t\t\t\t<\/div>\n\t\t\t\t<\/div>\n\t\t\t\t<div class=\"elementor-element elementor-element-349ad4f elementor-widget elementor-widget-text-editor\" data-id=\"349ad4f\" data-element_type=\"widget\" data-e-type=\"widget\" data-widget_type=\"text-editor.default\">\n\t\t\t\t<div class=\"elementor-widget-container\">\n\t\t\t\t\t\t\t\t\t<table width=\"100%\" border=\"0\">\n  <tr>\n    <td bgcolor=\"#FF9900\"><table width=\"100%\" border=\"3\" cellpadding=\"3\" cellspacing=\"3\" bordercolor=\"#FF0000\">\n      <tr>\n        <td bgcolor=\"#000000\"><span class=\"Estilo1\">2 publicaciones semanales<\/span><\/td>\n      <\/tr>\n      <tr>\n        <td height=\"2\" bgcolor=\"#333333\"><span class=\"Estilo1\">2 historia semanales<\/span><\/td>\n      <\/tr>\n      <tr>\n        <td bgcolor=\"#000000\"><span class=\"Estilo1\">Configuracion de campa&ntilde;a<\/span><\/td>\n      <\/tr>\n      <tr>\n        <td bgcolor=\"#333333\"><span class=\"Estilo1\">Administraci&oacute;n de p&aacute;gina de Facebook y cuenta de Instagram<\/span><\/td>\n      <\/tr>\n      <tr>\n        <td bgcolor=\"#000000\"><span class=\"Estilo1\">Armado de embudo de mensajes a WhatsApp<\/span><\/td>\n      <\/tr>\n      <tr>\n        <td bgcolor=\"#333333\"><span class=\"Estilo1\">1 video institucional (por &uacute;nica vez)<\/span><\/td>\n      <\/tr>\n\n    <\/table><\/td>\n  <\/tr>\n<\/table>\t\t\t\t\t\t\t\t<\/div>\n\t\t\t\t<\/div>\n\t\t\t\t<div class=\"elementor-element elementor-element-519f218 elementor-align-center elementor-widget elementor-widget-button\" data-id=\"519f218\" data-element_type=\"widget\" data-e-type=\"widget\" data-widget_type=\"button.default\">\n\t\t\t\t<div class=\"elementor-widget-container\">\n\t\t\t\t\t\t\t\t\t<div class=\"elementor-button-wrapper\">\n\t\t\t\t\t<a class=\"elementor-button elementor-button-link elementor-size-sm\" href=\"https:\/\/patagoniamedia.ar\/index.php\/contacto\/\">\n\t\t\t\t\t\t<span class=\"elementor-button-content-wrapper\">\n\t\t\t\t\t\t\t\t\t<span class=\"elementor-button-text\">PEDIR PRESUPUESTO<\/span>\n\t\t\t\t\t<\/span>\n\t\t\t\t\t<\/a>\n\t\t\t\t<\/div>\n\t\t\t\t\t\t\t\t<\/div>\n\t\t\t\t<\/div>\n\t\t\t\t\t<\/div>\n\t\t<\/div>\n\t\t\t\t<div class=\"elementor-column elementor-col-33 elementor-top-column elementor-element elementor-element-c0c412a elementor-invisible\" data-id=\"c0c412a\" data-element_type=\"column\" data-e-type=\"column\" data-settings=\"{&quot;background_background&quot;:&quot;classic&quot;,&quot;animation&quot;:&quot;fadeInUp&quot;}\">\n\t\t\t<div class=\"elementor-widget-wrap elementor-element-populated\">\n\t\t\t\t\t\t<div class=\"elementor-element elementor-element-28fa081 elementor-widget elementor-widget-heading\" data-id=\"28fa081\" data-element_type=\"widget\" data-e-type=\"widget\" data-settings=\"{&quot;_animation&quot;:&quot;none&quot;}\" data-widget_type=\"heading.default\">\n\t\t\t\t<div class=\"elementor-widget-container\">\n\t\t\t\t\t<h2 class=\"elementor-heading-title elementor-size-default\">PLAN PLATA<\/h2>\t\t\t\t<\/div>\n\t\t\t\t<\/div>\n\t\t\t\t<div class=\"elementor-element elementor-element-b8a5a03 elementor-widget elementor-widget-text-editor\" data-id=\"b8a5a03\" data-element_type=\"widget\" data-e-type=\"widget\" data-settings=\"{&quot;_animation&quot;:&quot;none&quot;}\" data-widget_type=\"text-editor.default\">\n\t\t\t\t<div class=\"elementor-widget-container\">\n\t\t\t\t\t\t\t\t\t<table width=\"100%\" border=\"0\">\n  <tr>\n    <td bgcolor=\"#FF9900\"><table width=\"100%\" border=\"3\" cellpadding=\"3\" cellspacing=\"3\" bordercolor=\"#FF0000\">\n      <tr>\n        <td bgcolor=\"#000000\"><span class=\"Estilo1\">3 publicaciones semanales<\/span><\/td>\n      <\/tr>\n      <tr>\n        <td height=\"2\" bgcolor=\"#333333\"><span class=\"Estilo1\">3 historias semanales<\/span><\/td>\n      <\/tr>\n      <tr>\n        <td bgcolor=\"#000000\"><span class=\"Estilo1\">Configuracion y ejecuci&oacute;n de campa&ntilde;a de crecimiento<\/span><\/td>\n      <\/tr>\n      <tr>\n        <td bgcolor=\"#333333\"><span class=\"Estilo1\">Administraci&oacute;n de p&aacute;gina de Facebook y cuenta de Instagram<\/span><\/td>\n      <\/tr>\n      <tr>\n        <td bgcolor=\"#000000\"><span class=\"Estilo1\">Armado de embudo de mensajes a WhatsAp<\/span><\/td>\n      <\/tr>\n      <tr>\n        <td bgcolor=\"#333333\"><span class=\"Estilo1\">1 video institucional (por &uacute;nica vez)<\/span><\/td>\n      <\/tr>\n\n    <\/table><\/td>\n  <\/tr>\n<\/table>\t\t\t\t\t\t\t\t<\/div>\n\t\t\t\t<\/div>\n\t\t\t\t<div class=\"elementor-element elementor-element-3334244 elementor-align-center elementor-widget elementor-widget-button\" data-id=\"3334244\" data-element_type=\"widget\" data-e-type=\"widget\" data-widget_type=\"button.default\">\n\t\t\t\t<div class=\"elementor-widget-container\">\n\t\t\t\t\t\t\t\t\t<div class=\"elementor-button-wrapper\">\n\t\t\t\t\t<a class=\"elementor-button elementor-button-link elementor-size-sm\" href=\"https:\/\/patagoniamedia.ar\/index.php\/contacto\/\">\n\t\t\t\t\t\t<span class=\"elementor-button-content-wrapper\">\n\t\t\t\t\t\t\t\t\t<span class=\"elementor-button-text\">PEDIR PRESUPUESTO<\/span>\n\t\t\t\t\t<\/span>\n\t\t\t\t\t<\/a>\n\t\t\t\t<\/div>\n\t\t\t\t\t\t\t\t<\/div>\n\t\t\t\t<\/div>\n\t\t\t\t\t<\/div>\n\t\t<\/div>\n\t\t\t\t<div class=\"elementor-column elementor-col-33 elementor-top-column elementor-element elementor-element-f9d8302 elementor-invisible\" data-id=\"f9d8302\" data-element_type=\"column\" data-e-type=\"column\" data-settings=\"{&quot;background_background&quot;:&quot;classic&quot;,&quot;animation&quot;:&quot;fadeInUp&quot;}\">\n\t\t\t<div class=\"elementor-widget-wrap elementor-element-populated\">\n\t\t\t\t\t\t<div class=\"elementor-element elementor-element-b300818 elementor-widget elementor-widget-heading\" data-id=\"b300818\" data-element_type=\"widget\" data-e-type=\"widget\" data-widget_type=\"heading.default\">\n\t\t\t\t<div class=\"elementor-widget-container\">\n\t\t\t\t\t<h2 class=\"elementor-heading-title elementor-size-default\">PLAN ORO<\/h2>\t\t\t\t<\/div>\n\t\t\t\t<\/div>\n\t\t\t\t<div class=\"elementor-element elementor-element-c74ceb0 elementor-widget elementor-widget-text-editor\" data-id=\"c74ceb0\" data-element_type=\"widget\" data-e-type=\"widget\" data-settings=\"{&quot;_animation&quot;:&quot;none&quot;}\" data-widget_type=\"text-editor.default\">\n\t\t\t\t<div class=\"elementor-widget-container\">\n\t\t\t\t\t\t\t\t\t<table width=\"100%\" border=\"0\">\n  <tr>\n    <td bgcolor=\"#FF9900\"><table width=\"100%\" border=\"3\" cellpadding=\"3\" cellspacing=\"3\" bordercolor=\"#FF0000\">\n      <tr>\n        <td bgcolor=\"#000000\"><span class=\"Estilo1\">4 publicaciones semanales<\/span><\/td>\n      <\/tr>\n      <tr>\n        <td height=\"2\" bgcolor=\"#333333\"><span class=\"Estilo1\">3 historias semanales<\/span><\/td>\n      <\/tr>\n      <tr>\n        <td bgcolor=\"#000000\"><span class=\"Estilo1\">1 video semanal<\/span><\/td>\n      <\/tr>\n      <tr>\n        <td bgcolor=\"#333333\"><span class=\"Estilo1\">Administraci&oacute;n de p&aacute;gina de Facebook y cuenta de Instagram<\/span><\/td>\n      <\/tr>\n      <tr>\n        <td bgcolor=\"#000000\"><span class=\"Estilo1\">Respuestas a comentarios<\/span><\/td>\n      <\/tr>\n      <tr>\n        <td bgcolor=\"#333333\"><span class=\"Estilo1\">Respuestas a mensajes<\/span><\/td>\n      <\/tr>\n      <tr>\n        <td bgcolor=\"#000000\"><span class=\"Estilo1\">1 video institucional (por &uacute;nica vez)<\/span><\/td>\n      <\/tr>\n\n    <\/table><\/td>\n  <\/tr>\n<\/table>\t\t\t\t\t\t\t\t<\/div>\n\t\t\t\t<\/div>\n\t\t\t\t<div class=\"elementor-element elementor-element-8bc9b58 elementor-align-center elementor-widget elementor-widget-button\" data-id=\"8bc9b58\" data-element_type=\"widget\" data-e-type=\"widget\" data-widget_type=\"button.default\">\n\t\t\t\t<div class=\"elementor-widget-container\">\n\t\t\t\t\t\t\t\t\t<div class=\"elementor-button-wrapper\">\n\t\t\t\t\t<a class=\"elementor-button elementor-button-link elementor-size-sm\" href=\"https:\/\/patagoniamedia.ar\/index.php\/contacto\/\">\n\t\t\t\t\t\t<span class=\"elementor-button-content-wrapper\">\n\t\t\t\t\t\t\t\t\t<span class=\"elementor-button-text\">PEDIR PRESUPUESTO<\/span>\n\t\t\t\t\t<\/span>\n\t\t\t\t\t<\/a>\n\t\t\t\t<\/div>\n\t\t\t\t\t\t\t\t<\/div>\n\t\t\t\t<\/div>\n\t\t\t\t\t<\/div>\n\t\t<\/div>\n\t\t\t\t\t<\/div>\n\t\t<\/section>\n\t\t\t\t<section class=\"elementor-section elementor-top-section elementor-element elementor-element-2569241 elementor-section-boxed elementor-section-height-default elementor-section-height-default\" data-id=\"2569241\" data-element_type=\"section\" data-e-type=\"section\">\n\t\t\t\t\t\t\t<div class=\"elementor-background-overlay\"><\/div>\n\t\t\t\t\t\t\t<div class=\"elementor-container elementor-column-gap-default\">\n\t\t\t\t\t<div class=\"elementor-column elementor-col-50 elementor-top-column elementor-element elementor-element-14a3cf8\" data-id=\"14a3cf8\" data-element_type=\"column\" data-e-type=\"column\">\n\t\t\t<div class=\"elementor-widget-wrap elementor-element-populated\">\n\t\t\t\t\t\t<div class=\"elementor-element elementor-element-5cd270b elementor-widget elementor-widget-text-editor\" data-id=\"5cd270b\" data-element_type=\"widget\" data-e-type=\"widget\" data-widget_type=\"text-editor.default\">\n\t\t\t\t<div class=\"elementor-widget-container\">\n\t\t\t\t\t\t\t\t\t<p>L<b>os precios son mensuales y est\u00e1n sujetos a modificaciones.<br \/>Las promociones tendr\u00e1n un valor extra inicial de $10000 que se cobrar\u00e1 por \u00fanica vez por el rearmado, configuraci\u00f3n y estrategia.<br \/>Todos los planes tienen una clase de Asesoramiento Comercial gratuito.<\/b><\/p><h6><b>\u00bfComo trabajamos?<\/b><\/h6><p>1) Examinamos tu caso a fondo para ver cu\u00e1l es es tu tipo de negocio, quienes consumen lo que ofreces. Cuales son tus valores agregados o lo que te hace diferenciar del resto. Y otros factores fundamentales que debemos tener en cuenta.<br \/>2) En base a los datos recolectados creamos una estrategia que se adapte a tu empresa y consumidores.<br \/>3) Ejecutamos dicha estrategia con seriedad y profesionalismo para poder llegar a los resultados deseados.<\/p><p>0<\/p>\t\t\t\t\t\t\t\t<\/div>\n\t\t\t\t<\/div>\n\t\t\t\t\t<\/div>\n\t\t<\/div>\n\t\t\t\t<div class=\"elementor-column elementor-col-50 elementor-top-column elementor-element elementor-element-ddfd087\" data-id=\"ddfd087\" data-element_type=\"column\" data-e-type=\"column\">\n\t\t\t<div class=\"elementor-widget-wrap elementor-element-populated\">\n\t\t\t\t\t\t<div class=\"elementor-element elementor-element-8cb61b1 elementor-invisible elementor-widget elementor-widget-image\" data-id=\"8cb61b1\" data-element_type=\"widget\" data-e-type=\"widget\" data-settings=\"{&quot;_animation&quot;:&quot;bounceIn&quot;}\" data-widget_type=\"image.default\">\n\t\t\t\t<div class=\"elementor-widget-container\">\n\t\t\t\t\t\t\t\t\t\t\t\t\t\t\t<img decoding=\"async\" width=\"750\" height=\"482\" src=\"https:\/\/patagoniamedia.ar\/wp-content\/uploads\/2022\/08\/Community-manager-pieza-clave-en-marketing-digital.jpg\" class=\"attachment-large size-large wp-image-1540\" alt=\"\" srcset=\"https:\/\/patagoniamedia.ar\/wp-content\/uploads\/2022\/08\/Community-manager-pieza-clave-en-marketing-digital.jpg 750w, https:\/\/patagoniamedia.ar\/wp-content\/uploads\/2022\/08\/Community-manager-pieza-clave-en-marketing-digital-300x193.jpg 300w\" sizes=\"(max-width: 750px) 100vw, 750px\" \/>\t\t\t\t\t\t\t\t\t\t\t\t\t\t\t<\/div>\n\t\t\t\t<\/div>\n\t\t\t\t\t<\/div>\n\t\t<\/div>\n\t\t\t\t\t<\/div>\n\t\t<\/section>\n\t\t\t\t<section class=\"elementor-section elementor-top-section elementor-element elementor-element-638258c elementor-section-boxed elementor-section-height-default elementor-section-height-default\" data-id=\"638258c\" data-element_type=\"section\" data-e-type=\"section\" data-settings=\"{&quot;background_background&quot;:&quot;video&quot;,&quot;background_video_link&quot;:&quot;https:\\\/\\\/www.youtube.com\\\/watch?v=k-dthC-kRWY&quot;}\">\n\t\t\t\t\t\t\t\t<div class=\"elementor-background-video-container elementor-hidden-mobile\">\n\t\t\t\t\t\t\t\t\t\t\t\t\t<div class=\"elementor-background-video-embed\" role=\"presentation\"><\/div>\n\t\t\t\t\t\t\t\t\t\t\t\t<\/div>\n\t\t\t\t\t\t\t\t<div class=\"elementor-container elementor-column-gap-default\">\n\t\t\t\t\t<div class=\"elementor-column elementor-col-50 elementor-top-column elementor-element elementor-element-55d2a9c\" data-id=\"55d2a9c\" data-element_type=\"column\" data-e-type=\"column\">\n\t\t\t<div class=\"elementor-widget-wrap elementor-element-populated\">\n\t\t\t\t\t\t<div class=\"elementor-element elementor-element-3ae701b elementor-widget elementor-widget-image\" data-id=\"3ae701b\" data-element_type=\"widget\" data-e-type=\"widget\" data-widget_type=\"image.default\">\n\t\t\t\t<div class=\"elementor-widget-container\">\n\t\t\t\t\t\t\t\t\t\t\t\t\t\t\t<img decoding=\"async\" width=\"555\" height=\"592\" src=\"https:\/\/patagoniamedia.ar\/wp-content\/uploads\/2022\/07\/Formulario.jpg\" class=\"attachment-large size-large wp-image-1272\" alt=\"\" srcset=\"https:\/\/patagoniamedia.ar\/wp-content\/uploads\/2022\/07\/Formulario.jpg 555w, https:\/\/patagoniamedia.ar\/wp-content\/uploads\/2022\/07\/Formulario-281x300.jpg 281w\" sizes=\"(max-width: 555px) 100vw, 555px\" \/>\t\t\t\t\t\t\t\t\t\t\t\t\t\t\t<\/div>\n\t\t\t\t<\/div>\n\t\t\t\t\t<\/div>\n\t\t<\/div>\n\t\t\t\t<div class=\"elementor-column elementor-col-50 elementor-top-column elementor-element elementor-element-7a27768\" data-id=\"7a27768\" data-element_type=\"column\" data-e-type=\"column\">\n\t\t\t<div class=\"elementor-widget-wrap elementor-element-populated\">\n\t\t\t\t\t\t<div class=\"elementor-element elementor-element-0c89b23 elementor-widget elementor-widget-text-editor\" data-id=\"0c89b23\" data-element_type=\"widget\" data-e-type=\"widget\" data-widget_type=\"text-editor.default\">\n\t\t\t\t<div class=\"elementor-widget-container\">\n\t\t\t\t\t\t\t\t\t<div class=\"wpforms-container wpforms-container-full\" id=\"wpforms-1268\"><form id=\"wpforms-form-1268\" class=\"wpforms-validate wpforms-form wpforms-ajax-form\" data-formid=\"1268\" method=\"post\" enctype=\"multipart\/form-data\" action=\"\/index.php\/wp-json\/wp\/v2\/pages\/1400\" data-token=\"0084299700bf7729397026c0869c1072\"><noscript class=\"wpforms-error-noscript\">Por favor, activa JavaScript en tu navegador para completar este formulario.<\/noscript><div class=\"wpforms-field-container\"><div id=\"wpforms-1268-field_0-container\" class=\"wpforms-field wpforms-field-name\" data-field-id=\"0\"><label class=\"wpforms-field-label\" for=\"wpforms-1268-field_0\">Nombre <span class=\"wpforms-required-label\">*<\/span><\/label><div class=\"wpforms-field-row wpforms-field-medium\"><div class=\"wpforms-field-row-block wpforms-first wpforms-one-half\"><input type=\"text\" id=\"wpforms-1268-field_0\" class=\"wpforms-field-name-first wpforms-field-required\" name=\"wpforms[fields][0][first]\" required><label for=\"wpforms-1268-field_0\" class=\"wpforms-field-sublabel after \">Nombre<\/label><\/div><div class=\"wpforms-field-row-block wpforms-one-half\"><input type=\"text\" id=\"wpforms-1268-field_0-last\" class=\"wpforms-field-name-last wpforms-field-required\" name=\"wpforms[fields][0][last]\" required><label for=\"wpforms-1268-field_0-last\" class=\"wpforms-field-sublabel after \">Apellidos<\/label><\/div><\/div><\/div><div id=\"wpforms-1268-field_4-container\" class=\"wpforms-field wpforms-field-text\" data-field-id=\"4\"><label class=\"wpforms-field-label\" for=\"wpforms-1268-field_4\">Empresa (opcional)<\/label><input type=\"text\" id=\"wpforms-1268-field_4\" class=\"wpforms-field-medium\" name=\"wpforms[fields][4]\" ><\/div><div id=\"wpforms-1268-field_3-container\" class=\"wpforms-field wpforms-field-phone\" data-field-id=\"3\"><label class=\"wpforms-field-label\" for=\"wpforms-1268-field_3\">Tel\u00e9fono (opcional)<\/label><input type=\"tel\" id=\"wpforms-1268-field_3\" class=\"wpforms-field-medium wpforms-smart-phone-field\" data-rule-smart-phone-field=\"true\" name=\"wpforms[fields][3]\" ><\/div><div id=\"wpforms-1268-field_1-container\" class=\"wpforms-field wpforms-field-email\" data-field-id=\"1\"><label class=\"wpforms-field-label\" for=\"wpforms-1268-field_1\">Email <span class=\"wpforms-required-label\">*<\/span><\/label><input type=\"email\" id=\"wpforms-1268-field_1\" class=\"wpforms-field-medium wpforms-field-required\" name=\"wpforms[fields][1]\" required><\/div><div id=\"wpforms-1268-field_2-container\" class=\"wpforms-field wpforms-field-textarea\" data-field-id=\"2\"><label class=\"wpforms-field-label\" for=\"wpforms-1268-field_2\">Mensaje <span class=\"wpforms-required-label\">*<\/span><\/label><textarea id=\"wpforms-1268-field_2\" class=\"wpforms-field-medium wpforms-field-required\" name=\"wpforms[fields][2]\" required><\/textarea><\/div><\/div><div class=\"wpforms-submit-container\"><input type=\"hidden\" name=\"wpforms[id]\" value=\"1268\"><input type=\"hidden\" name=\"wpforms[author]\" value=\"1\"><button type=\"submit\" name=\"wpforms[submit]\" id=\"wpforms-submit-1268\" class=\"wpforms-submit\" data-alt-text=\"Sending...\" data-submit-text=\"Enviar\" aria-live=\"assertive\" value=\"wpforms-submit\">Enviar<\/button><img loading=\"lazy\" decoding=\"async\" src=\"https:\/\/patagoniamedia.ar\/wp-content\/plugins\/wpforms\/assets\/images\/submit-spin.svg\" class=\"wpforms-submit-spinner\" style=\"display: none;\" width=\"26\" height=\"26\" alt=\"\"><\/div><\/form><\/div>  <!-- .wpforms-container -->\t\t\t\t\t\t\t\t<\/div>\n\t\t\t\t<\/div>\n\t\t\t\t\t<\/div>\n\t\t<\/div>\n\t\t\t\t\t<\/div>\n\t\t<\/section>\n\t\t\t\t<\/div>\n\t\t   ","protected":false},"excerpt":{"rendered":"<p>GESTION De REDES SOCIALES Nos ocupamos de tu estrategia de social media. Haremos brillar a tu empresa en estas plataformas, invirtiendo nuestro tiempo y experiencia.Nos encargaremos de manejar el perfil corporativo de tu proyecto a trav\u00e9s de la generaci\u00f3n de contenidos (textos, gr\u00e1ficos y v\u00eddeos), para que mediante tu presencia social alcances tus metas y objetivos.\u00a0Las redes sociales dominan el &hellip;<\/p>\n","protected":false},"author":1,"featured_media":0,"parent":0,"menu_order":0,"comment_status":"closed","ping_status":"closed","template":"blank-builder.php","meta":{"om_disable_all_campaigns":false,"_monsterinsights_skip_tracking":false,"_monsterinsights_sitenote_active":false,"_monsterinsights_sitenote_note":"","_monsterinsights_sitenote_category":0,"footnotes":""},"class_list":["post-1400","page","type-page","status-publish","hentry"],"_links":{"self":[{"href":"https:\/\/patagoniamedia.ar\/index.php\/wp-json\/wp\/v2\/pages\/1400","targetHints":{"allow":["GET"]}}],"collection":[{"href":"https:\/\/patagoniamedia.ar\/index.php\/wp-json\/wp\/v2\/pages"}],"about":[{"href":"https:\/\/patagoniamedia.ar\/index.php\/wp-json\/wp\/v2\/types\/page"}],"author":[{"embeddable":true,"href":"https:\/\/patagoniamedia.ar\/index.php\/wp-json\/wp\/v2\/users\/1"}],"replies":[{"embeddable":true,"href":"https:\/\/patagoniamedia.ar\/index.php\/wp-json\/wp\/v2\/comments?post=1400"}],"version-history":[{"count":46,"href":"https:\/\/patagoniamedia.ar\/index.php\/wp-json\/wp\/v2\/pages\/1400\/revisions"}],"predecessor-version":[{"id":1879,"href":"https:\/\/patagoniamedia.ar\/index.php\/wp-json\/wp\/v2\/pages\/1400\/revisions\/1879"}],"wp:attachment":[{"href":"https:\/\/patagoniamedia.ar\/index.php\/wp-json\/wp\/v2\/media?parent=1400"}],"curies":[{"name":"wp","href":"https:\/\/api.w.org\/{rel}","templated":true}]}}