{"id":1416,"date":"2022-07-18T04:32:20","date_gmt":"2022-07-18T04:32:20","guid":{"rendered":"https:\/\/patagoniamedia.ar\/?page_id=1416"},"modified":"2024-02-06T03:04:52","modified_gmt":"2024-02-06T03:04:52","slug":"diseno-grafico","status":"publish","type":"page","link":"https:\/\/patagoniamedia.ar\/index.php\/diseno-grafico\/","title":{"rendered":"Dise\u00f1o Gr\u00e1fico"},"content":{"rendered":"\t\t<div data-elementor-type=\"wp-page\" data-elementor-id=\"1416\" class=\"elementor elementor-1416\">\n\t\t\t\t\t\t<section class=\"elementor-section elementor-top-section elementor-element elementor-element-e347265 elementor-section-height-min-height elementor-section-boxed elementor-section-height-default elementor-section-items-middle\" data-id=\"e347265\" data-element_type=\"section\" data-e-type=\"section\" data-settings=\"{&quot;background_background&quot;:&quot;classic&quot;}\">\n\t\t\t\t\t\t\t<div class=\"elementor-background-overlay\"><\/div>\n\t\t\t\t\t\t\t<div class=\"elementor-container elementor-column-gap-no\">\n\t\t\t\t\t<div class=\"elementor-column elementor-col-100 elementor-top-column elementor-element elementor-element-f6ba31d\" data-id=\"f6ba31d\" data-element_type=\"column\" data-e-type=\"column\">\n\t\t\t<div class=\"elementor-widget-wrap elementor-element-populated\">\n\t\t\t\t\t\t<section class=\"elementor-section elementor-inner-section elementor-element elementor-element-155cbfc elementor-section-boxed elementor-section-height-default elementor-section-height-default\" data-id=\"155cbfc\" data-element_type=\"section\" data-e-type=\"section\">\n\t\t\t\t\t\t<div class=\"elementor-container elementor-column-gap-default\">\n\t\t\t\t\t<div class=\"elementor-column elementor-col-100 elementor-inner-column elementor-element elementor-element-3f0efc3\" data-id=\"3f0efc3\" data-element_type=\"column\" data-e-type=\"column\">\n\t\t\t<div class=\"elementor-widget-wrap elementor-element-populated\">\n\t\t\t\t\t\t<div class=\"elementor-element elementor-element-11301e6 animated-slow elementor-invisible elementor-widget elementor-widget-cimol-title\" data-id=\"11301e6\" data-element_type=\"widget\" data-e-type=\"widget\" data-settings=\"{&quot;_animation&quot;:&quot;zoomIn&quot;,&quot;_animation_delay&quot;:200}\" data-widget_type=\"cimol-title.default\">\n\t\t\t\t<div class=\"elementor-widget-container\">\n\t\t\t\t\t<h2 class=\"content-title\">DISE\u00d1O GRAFICO<\/h2>\t\t\t\t<\/div>\n\t\t\t\t<\/div>\n\t\t\t\t\t<\/div>\n\t\t<\/div>\n\t\t\t\t\t<\/div>\n\t\t<\/section>\n\t\t\t\t\t<\/div>\n\t\t<\/div>\n\t\t\t\t\t<\/div>\n\t\t<\/section>\n\t\t\t\t<section class=\"elementor-section elementor-top-section elementor-element elementor-element-6e7bec1 elementor-section-boxed elementor-section-height-default elementor-section-height-default\" data-id=\"6e7bec1\" data-element_type=\"section\" data-e-type=\"section\">\n\t\t\t\t\t\t<div class=\"elementor-container elementor-column-gap-default\">\n\t\t\t\t\t<div class=\"elementor-column elementor-col-50 elementor-top-column elementor-element elementor-element-c212c9a\" data-id=\"c212c9a\" data-element_type=\"column\" data-e-type=\"column\">\n\t\t\t<div class=\"elementor-widget-wrap elementor-element-populated\">\n\t\t\t\t\t\t<div class=\"elementor-element elementor-element-1edfa3b elementor-widget elementor-widget-image\" data-id=\"1edfa3b\" data-element_type=\"widget\" data-e-type=\"widget\" data-widget_type=\"image.default\">\n\t\t\t\t<div class=\"elementor-widget-container\">\n\t\t\t\t\t\t\t\t\t\t\t\t\t\t\t<img fetchpriority=\"high\" decoding=\"async\" width=\"1024\" height=\"906\" src=\"https:\/\/patagoniamedia.ar\/wp-content\/uploads\/2022\/07\/Diseno2-1024x906.jpg\" class=\"attachment-large size-large wp-image-1419\" alt=\"\" srcset=\"https:\/\/patagoniamedia.ar\/wp-content\/uploads\/2022\/07\/Diseno2-1024x906.jpg 1024w, https:\/\/patagoniamedia.ar\/wp-content\/uploads\/2022\/07\/Diseno2-300x265.jpg 300w, https:\/\/patagoniamedia.ar\/wp-content\/uploads\/2022\/07\/Diseno2-768x680.jpg 768w, https:\/\/patagoniamedia.ar\/wp-content\/uploads\/2022\/07\/Diseno2.jpg 1356w\" sizes=\"(max-width: 1024px) 100vw, 1024px\" \/>\t\t\t\t\t\t\t\t\t\t\t\t\t\t\t<\/div>\n\t\t\t\t<\/div>\n\t\t\t\t\t<\/div>\n\t\t<\/div>\n\t\t\t\t<div class=\"elementor-column elementor-col-50 elementor-top-column elementor-element elementor-element-5e57e27\" data-id=\"5e57e27\" data-element_type=\"column\" data-e-type=\"column\">\n\t\t\t<div class=\"elementor-widget-wrap elementor-element-populated\">\n\t\t\t\t\t\t<div class=\"elementor-element elementor-element-3abe3d6 elementor-widget elementor-widget-text-editor\" data-id=\"3abe3d6\" data-element_type=\"widget\" data-e-type=\"widget\" data-widget_type=\"text-editor.default\">\n\t\t\t\t<div class=\"elementor-widget-container\">\n\t\t\t\t\t\t\t\t\t<p><strong>Soluciones integrales en gr\u00e1fica, empezando por la b\u00fasqueda y creaci\u00f3n del nombre, hasta la impresi\u00f3n del producto final.<\/strong><\/p><hr \/><p>Buscamos el mejor nombre para tu negocio\u2026 nombres originales, que venden y captan la idea de tu espacio.<\/p><hr \/><p>Buscamos la imagen adecuada (logo).<\/p><hr \/><p>Realizamos los dise\u00f1os que necesites (tarjetas de visita,carteler\u00eda, rotulos, fachadas, etc).<\/p><hr \/><p>Redactamos manual completo de identidad corporativa.<\/p>\t\t\t\t\t\t\t\t<\/div>\n\t\t\t\t<\/div>\n\t\t\t\t\t<\/div>\n\t\t<\/div>\n\t\t\t\t\t<\/div>\n\t\t<\/section>\n\t\t\t\t<section class=\"elementor-section elementor-top-section elementor-element elementor-element-f8fdde3 elementor-section-boxed elementor-section-height-default elementor-section-height-default\" data-id=\"f8fdde3\" data-element_type=\"section\" data-e-type=\"section\">\n\t\t\t\t\t\t<div class=\"elementor-container elementor-column-gap-default\">\n\t\t\t\t\t<div class=\"elementor-column elementor-col-100 elementor-top-column elementor-element elementor-element-611ce14\" data-id=\"611ce14\" data-element_type=\"column\" data-e-type=\"column\">\n\t\t\t<div class=\"elementor-widget-wrap\">\n\t\t\t\t\t\t\t<\/div>\n\t\t<\/div>\n\t\t\t\t\t<\/div>\n\t\t<\/section>\n\t\t\t\t<section class=\"elementor-section elementor-top-section elementor-element elementor-element-911b4cb elementor-section-boxed elementor-section-height-default elementor-section-height-default\" data-id=\"911b4cb\" data-element_type=\"section\" data-e-type=\"section\" data-settings=\"{&quot;background_background&quot;:&quot;classic&quot;}\">\n\t\t\t\t\t\t<div class=\"elementor-container elementor-column-gap-default\">\n\t\t\t\t\t<div class=\"elementor-column elementor-col-33 elementor-top-column elementor-element elementor-element-35c9ddb elementor-invisible\" data-id=\"35c9ddb\" data-element_type=\"column\" data-e-type=\"column\" data-settings=\"{&quot;background_background&quot;:&quot;classic&quot;,&quot;animation&quot;:&quot;fadeInUp&quot;}\">\n\t\t\t<div class=\"elementor-widget-wrap elementor-element-populated\">\n\t\t\t\t\t\t<div class=\"elementor-element elementor-element-425ec18 elementor-widget elementor-widget-heading\" data-id=\"425ec18\" data-element_type=\"widget\" data-e-type=\"widget\" data-widget_type=\"heading.default\">\n\t\t\t\t<div class=\"elementor-widget-container\">\n\t\t\t\t\t<h2 class=\"elementor-heading-title elementor-size-default\">PLAN BRONCE<\/h2>\t\t\t\t<\/div>\n\t\t\t\t<\/div>\n\t\t\t\t<div class=\"elementor-element elementor-element-32b318b elementor-widget elementor-widget-text-editor\" data-id=\"32b318b\" data-element_type=\"widget\" data-e-type=\"widget\" data-widget_type=\"text-editor.default\">\n\t\t\t\t<div class=\"elementor-widget-container\">\n\t\t\t\t\t\t\t\t\t<table border=\"0\" width=\"100%\"><tbody><tr><td bgcolor=\"#FF9900\"><table border=\"3\" width=\"100%\" cellspacing=\"3\" cellpadding=\"3\"><tbody><tr><td bgcolor=\"#000000\">2 ideas creativas de Identidad Corporativa, para elegir una<\/td><\/tr><tr><td bgcolor=\"#333333\" height=\"2\">Dise\u00f1o\/re dise\u00f1o de Logo<\/td><\/tr><tr><td bgcolor=\"#000000\">Dise\u00f1o de tarjetas de personales (hasta 3) y papeler\u00eda (sobres, cartas, facturas)<\/td><\/tr><tr><td bgcolor=\"#333333\">Dise\u00f1o de 1 flyer (a 2 caras), 1 cartel A4<\/td><\/tr><tr><td bgcolor=\"#000000\">Entrega de archivos PDF, JPG y nativos<\/td><\/tr><tr><td bgcolor=\"#333333\">Modificaci\u00f3n (2) cambios.<\/td><\/tr><\/tbody><\/table><\/td><\/tr><\/tbody><\/table>\t\t\t\t\t\t\t\t<\/div>\n\t\t\t\t<\/div>\n\t\t\t\t<div class=\"elementor-element elementor-element-32a11ad elementor-widget elementor-widget-heading\" data-id=\"32a11ad\" data-element_type=\"widget\" data-e-type=\"widget\" data-widget_type=\"heading.default\">\n\t\t\t\t<div class=\"elementor-widget-container\">\n\t\t\t\t\t<h2 class=\"elementor-heading-title elementor-size-default\">$ 75.000 AR$<\/h2>\t\t\t\t<\/div>\n\t\t\t\t<\/div>\n\t\t\t\t<div class=\"elementor-element elementor-element-e5736a6 elementor-align-center elementor-widget elementor-widget-button\" data-id=\"e5736a6\" data-element_type=\"widget\" data-e-type=\"widget\" data-widget_type=\"button.default\">\n\t\t\t\t<div class=\"elementor-widget-container\">\n\t\t\t\t\t\t\t\t\t<div class=\"elementor-button-wrapper\">\n\t\t\t\t\t<a class=\"elementor-button elementor-button-link elementor-size-sm\" href=\"https:\/\/patagoniamedia.ar\/index.php\/contacto\/\">\n\t\t\t\t\t\t<span class=\"elementor-button-content-wrapper\">\n\t\t\t\t\t\t\t\t\t<span class=\"elementor-button-text\">CONTRATAR<\/span>\n\t\t\t\t\t<\/span>\n\t\t\t\t\t<\/a>\n\t\t\t\t<\/div>\n\t\t\t\t\t\t\t\t<\/div>\n\t\t\t\t<\/div>\n\t\t\t\t\t<\/div>\n\t\t<\/div>\n\t\t\t\t<div class=\"elementor-column elementor-col-33 elementor-top-column elementor-element elementor-element-455dc14 elementor-invisible\" data-id=\"455dc14\" data-element_type=\"column\" data-e-type=\"column\" data-settings=\"{&quot;background_background&quot;:&quot;classic&quot;,&quot;animation&quot;:&quot;fadeInUp&quot;}\">\n\t\t\t<div class=\"elementor-widget-wrap elementor-element-populated\">\n\t\t\t\t\t\t<div class=\"elementor-element elementor-element-a9043f0 elementor-widget elementor-widget-heading\" data-id=\"a9043f0\" data-element_type=\"widget\" data-e-type=\"widget\" data-settings=\"{&quot;_animation&quot;:&quot;none&quot;}\" data-widget_type=\"heading.default\">\n\t\t\t\t<div class=\"elementor-widget-container\">\n\t\t\t\t\t<h2 class=\"elementor-heading-title elementor-size-default\">PLAN PLATA<\/h2>\t\t\t\t<\/div>\n\t\t\t\t<\/div>\n\t\t\t\t<div class=\"elementor-element elementor-element-0e435eb elementor-widget elementor-widget-text-editor\" data-id=\"0e435eb\" data-element_type=\"widget\" data-e-type=\"widget\" data-settings=\"{&quot;_animation&quot;:&quot;none&quot;}\" data-widget_type=\"text-editor.default\">\n\t\t\t\t<div class=\"elementor-widget-container\">\n\t\t\t\t\t\t\t\t\t<table border=\"0\" width=\"100%\"><tbody><tr><td bgcolor=\"#FF9900\"><table border=\"3\" width=\"100%\" cellspacing=\"3\" cellpadding=\"3\"><tbody><tr><td bgcolor=\"#000000\">3 ideas creativas de Identidad Corporativa, para elegir una<\/td><\/tr><tr><td bgcolor=\"#333333\" height=\"2\">Dise\u00f1o\/re dise\u00f1o de Logo<\/td><\/tr><tr><td bgcolor=\"#000000\">Dise\u00f1o de tarjetas de personales (hasta 5) y papeler\u00eda (sobres, cartas, facturas)<\/td><\/tr><tr><td bgcolor=\"#333333\">Dise\u00f1o de 1 flyer (a 2 caras), 1 cartel A4<\/td><\/tr><tr><td bgcolor=\"#000000\">Dise\u00f1o de 1 diptico o triptico<\/td><\/tr><tr><td bgcolor=\"#333333\">Dise\u00f1o de 1 display\/rollup<\/td><\/tr><tr><td bgcolor=\"#000000\">Entrega de archivos PDF, JPG y nativos<\/td><\/tr><tr><td bgcolor=\"#333333\" height=\"2\">Modificaci\u00f3n (3) cambios.<\/td><\/tr><\/tbody><\/table><\/td><\/tr><\/tbody><\/table><p>3<\/p>\t\t\t\t\t\t\t\t<\/div>\n\t\t\t\t<\/div>\n\t\t\t\t<div class=\"elementor-element elementor-element-e27b35d elementor-widget elementor-widget-heading\" data-id=\"e27b35d\" data-element_type=\"widget\" data-e-type=\"widget\" data-widget_type=\"heading.default\">\n\t\t\t\t<div class=\"elementor-widget-container\">\n\t\t\t\t\t<h2 class=\"elementor-heading-title elementor-size-default\">$125.500 AR$<\/h2>\t\t\t\t<\/div>\n\t\t\t\t<\/div>\n\t\t\t\t<div class=\"elementor-element elementor-element-2f91854 elementor-align-center elementor-widget elementor-widget-button\" data-id=\"2f91854\" data-element_type=\"widget\" data-e-type=\"widget\" data-widget_type=\"button.default\">\n\t\t\t\t<div class=\"elementor-widget-container\">\n\t\t\t\t\t\t\t\t\t<div class=\"elementor-button-wrapper\">\n\t\t\t\t\t<a class=\"elementor-button elementor-button-link elementor-size-sm\" href=\"https:\/\/patagoniamedia.ar\/index.php\/contacto\/\">\n\t\t\t\t\t\t<span class=\"elementor-button-content-wrapper\">\n\t\t\t\t\t\t\t\t\t<span class=\"elementor-button-text\">CONTRATAR<\/span>\n\t\t\t\t\t<\/span>\n\t\t\t\t\t<\/a>\n\t\t\t\t<\/div>\n\t\t\t\t\t\t\t\t<\/div>\n\t\t\t\t<\/div>\n\t\t\t\t\t<\/div>\n\t\t<\/div>\n\t\t\t\t<div class=\"elementor-column elementor-col-33 elementor-top-column elementor-element elementor-element-7e5ccd5 elementor-invisible\" data-id=\"7e5ccd5\" data-element_type=\"column\" data-e-type=\"column\" data-settings=\"{&quot;background_background&quot;:&quot;classic&quot;,&quot;animation&quot;:&quot;fadeInUp&quot;}\">\n\t\t\t<div class=\"elementor-widget-wrap elementor-element-populated\">\n\t\t\t\t\t\t<div class=\"elementor-element elementor-element-ac265ee elementor-widget elementor-widget-heading\" data-id=\"ac265ee\" data-element_type=\"widget\" data-e-type=\"widget\" data-widget_type=\"heading.default\">\n\t\t\t\t<div class=\"elementor-widget-container\">\n\t\t\t\t\t<h2 class=\"elementor-heading-title elementor-size-default\">PLAN ORO<\/h2>\t\t\t\t<\/div>\n\t\t\t\t<\/div>\n\t\t\t\t<div class=\"elementor-element elementor-element-5e2cdc1 elementor-widget elementor-widget-text-editor\" data-id=\"5e2cdc1\" data-element_type=\"widget\" data-e-type=\"widget\" data-settings=\"{&quot;_animation&quot;:&quot;none&quot;}\" data-widget_type=\"text-editor.default\">\n\t\t\t\t<div class=\"elementor-widget-container\">\n\t\t\t\t\t\t\t\t\t<table width=\"100%\" border=\"0\">\n<tbody>\n<tr>\n<td bgcolor=\"#FF9900\">\n<table width=\"100%\" cellspacing=\"3\" cellpadding=\"3\" border=\"3\">\n<tbody>\n<tr>\n<td bgcolor=\"#000000\">3 ideas creativas de Identidad Corporativa, para elegir una<\/td>\n<\/tr>\n<tr>\n<td height=\"2\" bgcolor=\"#333333\">Dise\u00f1o\/re dise\u00f1o de Logo<\/td>\n<\/tr>\n<tr>\n<td bgcolor=\"#000000\">Dise\u00f1o de tarjetas de personales (hasta 5) y papeler\u00eda (sobres, cartas, facturas)<\/td>\n<\/tr>\n<tr>\n<td bgcolor=\"#333333\">Dise\u00f1o de 1 flyer (a 2 caras), 1 cartel A4<\/td>\n<\/tr>\n<tr>\n<td bgcolor=\"#000000\">Dise\u00f1o de 1 diptico o triptico<\/td>\n<\/tr>\n<tr>\n<td bgcolor=\"#333333\">Dise\u00f1o de 1 display\/rollup<\/td>\n<\/tr>\n<tr>\n<td bgcolor=\"#000000\">Dise\u00f1o de integrado en uniformes personal<\/td>\n<\/tr>\n<tr>\n<td bgcolor=\"#333333\">Dise\u00f1o integral de vehiculo\/camioneta<\/td>\n<\/tr>\n<tr>\n<td bgcolor=\"#000000\">Entrega de archivos PDF, JPG y nativos<\/td>\n<\/tr>\n<tr>\n<td bgcolor=\"#333333\">Modificaci\u00f3n (4) cambios.<\/td>\n<\/tr>\n<\/tbody>\n<\/table>\n<\/td>\n<\/tr>\n<\/tbody>\n<\/table>\t\t\t\t\t\t\t\t<\/div>\n\t\t\t\t<\/div>\n\t\t\t\t<div class=\"elementor-element elementor-element-297a0a5 elementor-widget elementor-widget-heading\" data-id=\"297a0a5\" data-element_type=\"widget\" data-e-type=\"widget\" data-widget_type=\"heading.default\">\n\t\t\t\t<div class=\"elementor-widget-container\">\n\t\t\t\t\t<h2 class=\"elementor-heading-title elementor-size-default\">$199.500 AR$<\/h2>\t\t\t\t<\/div>\n\t\t\t\t<\/div>\n\t\t\t\t<div class=\"elementor-element elementor-element-de0f2d9 elementor-align-center elementor-widget elementor-widget-button\" data-id=\"de0f2d9\" data-element_type=\"widget\" data-e-type=\"widget\" data-widget_type=\"button.default\">\n\t\t\t\t<div class=\"elementor-widget-container\">\n\t\t\t\t\t\t\t\t\t<div class=\"elementor-button-wrapper\">\n\t\t\t\t\t<a class=\"elementor-button elementor-button-link elementor-size-sm\" href=\"https:\/\/patagoniamedia.ar\/index.php\/contacto\/\">\n\t\t\t\t\t\t<span class=\"elementor-button-content-wrapper\">\n\t\t\t\t\t\t\t\t\t<span class=\"elementor-button-text\">CONTRATAR<\/span>\n\t\t\t\t\t<\/span>\n\t\t\t\t\t<\/a>\n\t\t\t\t<\/div>\n\t\t\t\t\t\t\t\t<\/div>\n\t\t\t\t<\/div>\n\t\t\t\t\t<\/div>\n\t\t<\/div>\n\t\t\t\t\t<\/div>\n\t\t<\/section>\n\t\t\t\t<section class=\"elementor-section elementor-top-section elementor-element elementor-element-638258c elementor-section-boxed elementor-section-height-default elementor-section-height-default\" data-id=\"638258c\" data-element_type=\"section\" data-e-type=\"section\" data-settings=\"{&quot;background_background&quot;:&quot;video&quot;,&quot;background_video_link&quot;:&quot;https:\\\/\\\/www.youtube.com\\\/watch?v=k-dthC-kRWY&quot;}\">\n\t\t\t\t\t\t\t\t<div class=\"elementor-background-video-container elementor-hidden-mobile\">\n\t\t\t\t\t\t\t\t\t\t\t\t\t<div class=\"elementor-background-video-embed\" role=\"presentation\"><\/div>\n\t\t\t\t\t\t\t\t\t\t\t\t<\/div>\n\t\t\t\t\t\t\t\t<div class=\"elementor-container elementor-column-gap-default\">\n\t\t\t\t\t<div class=\"elementor-column elementor-col-50 elementor-top-column elementor-element elementor-element-55d2a9c\" data-id=\"55d2a9c\" data-element_type=\"column\" data-e-type=\"column\">\n\t\t\t<div class=\"elementor-widget-wrap elementor-element-populated\">\n\t\t\t\t\t\t<div class=\"elementor-element elementor-element-3ae701b elementor-widget elementor-widget-image\" data-id=\"3ae701b\" data-element_type=\"widget\" data-e-type=\"widget\" data-widget_type=\"image.default\">\n\t\t\t\t<div class=\"elementor-widget-container\">\n\t\t\t\t\t\t\t\t\t\t\t\t\t\t\t<img decoding=\"async\" width=\"555\" height=\"592\" src=\"https:\/\/patagoniamedia.ar\/wp-content\/uploads\/2022\/07\/Formulario.jpg\" class=\"attachment-large size-large wp-image-1272\" alt=\"\" srcset=\"https:\/\/patagoniamedia.ar\/wp-content\/uploads\/2022\/07\/Formulario.jpg 555w, https:\/\/patagoniamedia.ar\/wp-content\/uploads\/2022\/07\/Formulario-281x300.jpg 281w\" sizes=\"(max-width: 555px) 100vw, 555px\" \/>\t\t\t\t\t\t\t\t\t\t\t\t\t\t\t<\/div>\n\t\t\t\t<\/div>\n\t\t\t\t\t<\/div>\n\t\t<\/div>\n\t\t\t\t<div class=\"elementor-column elementor-col-50 elementor-top-column elementor-element elementor-element-7a27768\" data-id=\"7a27768\" data-element_type=\"column\" data-e-type=\"column\">\n\t\t\t<div class=\"elementor-widget-wrap elementor-element-populated\">\n\t\t\t\t\t\t<div class=\"elementor-element elementor-element-0c89b23 elementor-widget elementor-widget-text-editor\" data-id=\"0c89b23\" data-element_type=\"widget\" data-e-type=\"widget\" data-widget_type=\"text-editor.default\">\n\t\t\t\t<div class=\"elementor-widget-container\">\n\t\t\t\t\t\t\t\t\t<div class=\"wpforms-container wpforms-container-full\" id=\"wpforms-1268\"><form id=\"wpforms-form-1268\" class=\"wpforms-validate wpforms-form wpforms-ajax-form\" data-formid=\"1268\" method=\"post\" enctype=\"multipart\/form-data\" action=\"\/index.php\/wp-json\/wp\/v2\/pages\/1416\" data-token=\"da843adfb4f3d3ad4ab3bca303a7df35\"><noscript class=\"wpforms-error-noscript\">Por favor, activa JavaScript en tu navegador para completar este formulario.<\/noscript><div class=\"wpforms-field-container\"><div id=\"wpforms-1268-field_0-container\" class=\"wpforms-field wpforms-field-name\" data-field-id=\"0\"><label class=\"wpforms-field-label\" for=\"wpforms-1268-field_0\">Nombre <span class=\"wpforms-required-label\">*<\/span><\/label><div class=\"wpforms-field-row wpforms-field-medium\"><div class=\"wpforms-field-row-block wpforms-first wpforms-one-half\"><input type=\"text\" id=\"wpforms-1268-field_0\" class=\"wpforms-field-name-first wpforms-field-required\" name=\"wpforms[fields][0][first]\" required><label for=\"wpforms-1268-field_0\" class=\"wpforms-field-sublabel after \">Nombre<\/label><\/div><div class=\"wpforms-field-row-block wpforms-one-half\"><input type=\"text\" id=\"wpforms-1268-field_0-last\" class=\"wpforms-field-name-last wpforms-field-required\" name=\"wpforms[fields][0][last]\" required><label for=\"wpforms-1268-field_0-last\" class=\"wpforms-field-sublabel after \">Apellidos<\/label><\/div><\/div><\/div><div id=\"wpforms-1268-field_4-container\" class=\"wpforms-field wpforms-field-text\" data-field-id=\"4\"><label class=\"wpforms-field-label\" for=\"wpforms-1268-field_4\">Empresa (opcional)<\/label><input type=\"text\" id=\"wpforms-1268-field_4\" class=\"wpforms-field-medium\" name=\"wpforms[fields][4]\" ><\/div><div id=\"wpforms-1268-field_3-container\" class=\"wpforms-field wpforms-field-phone\" data-field-id=\"3\"><label class=\"wpforms-field-label\" for=\"wpforms-1268-field_3\">Tel\u00e9fono (opcional)<\/label><input type=\"tel\" id=\"wpforms-1268-field_3\" class=\"wpforms-field-medium wpforms-smart-phone-field\" data-rule-smart-phone-field=\"true\" name=\"wpforms[fields][3]\" ><\/div><div id=\"wpforms-1268-field_1-container\" class=\"wpforms-field wpforms-field-email\" data-field-id=\"1\"><label class=\"wpforms-field-label\" for=\"wpforms-1268-field_1\">Email <span class=\"wpforms-required-label\">*<\/span><\/label><input type=\"email\" id=\"wpforms-1268-field_1\" class=\"wpforms-field-medium wpforms-field-required\" name=\"wpforms[fields][1]\" required><\/div><div id=\"wpforms-1268-field_2-container\" class=\"wpforms-field wpforms-field-textarea\" data-field-id=\"2\"><label class=\"wpforms-field-label\" for=\"wpforms-1268-field_2\">Mensaje <span class=\"wpforms-required-label\">*<\/span><\/label><textarea id=\"wpforms-1268-field_2\" class=\"wpforms-field-medium wpforms-field-required\" name=\"wpforms[fields][2]\" required><\/textarea><\/div><\/div><div class=\"wpforms-submit-container\"><input type=\"hidden\" name=\"wpforms[id]\" value=\"1268\"><input type=\"hidden\" name=\"wpforms[author]\" value=\"1\"><button type=\"submit\" name=\"wpforms[submit]\" id=\"wpforms-submit-1268\" class=\"wpforms-submit\" data-alt-text=\"Sending...\" data-submit-text=\"Enviar\" aria-live=\"assertive\" value=\"wpforms-submit\">Enviar<\/button><img decoding=\"async\" src=\"https:\/\/patagoniamedia.ar\/wp-content\/plugins\/wpforms\/assets\/images\/submit-spin.svg\" class=\"wpforms-submit-spinner\" style=\"display: none;\" width=\"26\" height=\"26\" alt=\"\"><\/div><\/form><\/div>  <!-- .wpforms-container -->\t\t\t\t\t\t\t\t<\/div>\n\t\t\t\t<\/div>\n\t\t\t\t\t<\/div>\n\t\t<\/div>\n\t\t\t\t\t<\/div>\n\t\t<\/section>\n\t\t\t\t<\/div>\n\t\t   ","protected":false},"excerpt":{"rendered":"<p>DISE\u00d1O GRAFICO Soluciones integrales en gr\u00e1fica, empezando por la b\u00fasqueda y creaci\u00f3n del nombre, hasta la impresi\u00f3n del producto final. Buscamos el mejor nombre para tu negocio\u2026 nombres originales, que venden y captan la idea de tu espacio. Buscamos la imagen adecuada (logo). Realizamos los dise\u00f1os que necesites (tarjetas de visita,carteler\u00eda, rotulos, fachadas, etc). Redactamos manual completo de identidad corporativa. &hellip;<\/p>\n","protected":false},"author":1,"featured_media":0,"parent":0,"menu_order":0,"comment_status":"closed","ping_status":"closed","template":"blank-builder.php","meta":{"om_disable_all_campaigns":false,"_monsterinsights_skip_tracking":false,"_monsterinsights_sitenote_active":false,"_monsterinsights_sitenote_note":"","_monsterinsights_sitenote_category":0,"footnotes":""},"class_list":["post-1416","page","type-page","status-publish","hentry"],"_links":{"self":[{"href":"https:\/\/patagoniamedia.ar\/index.php\/wp-json\/wp\/v2\/pages\/1416","targetHints":{"allow":["GET"]}}],"collection":[{"href":"https:\/\/patagoniamedia.ar\/index.php\/wp-json\/wp\/v2\/pages"}],"about":[{"href":"https:\/\/patagoniamedia.ar\/index.php\/wp-json\/wp\/v2\/types\/page"}],"author":[{"embeddable":true,"href":"https:\/\/patagoniamedia.ar\/index.php\/wp-json\/wp\/v2\/users\/1"}],"replies":[{"embeddable":true,"href":"https:\/\/patagoniamedia.ar\/index.php\/wp-json\/wp\/v2\/comments?post=1416"}],"version-history":[{"count":22,"href":"https:\/\/patagoniamedia.ar\/index.php\/wp-json\/wp\/v2\/pages\/1416\/revisions"}],"predecessor-version":[{"id":1833,"href":"https:\/\/patagoniamedia.ar\/index.php\/wp-json\/wp\/v2\/pages\/1416\/revisions\/1833"}],"wp:attachment":[{"href":"https:\/\/patagoniamedia.ar\/index.php\/wp-json\/wp\/v2\/media?parent=1416"}],"curies":[{"name":"wp","href":"https:\/\/api.w.org\/{rel}","templated":true}]}}